{"id":180,"date":"2023-04-25T18:34:02","date_gmt":"2023-04-25T18:34:02","guid":{"rendered":"https:\/\/kelih.si\/?page_id=180"},"modified":"2023-05-30T07:23:09","modified_gmt":"2023-05-30T07:23:09","slug":"vinsko-kulinaricni-potep-po-prlekiji","status":"publish","type":"page","link":"https:\/\/kelih.si\/index.php\/vinsko-kulinaricni-potep-po-prlekiji\/","title":{"rendered":"Vinsko-kulinari\u010dni potep po Prlekiji"},"content":{"rendered":"\n<figure class=\"wp-block-image size-full\"><img loading=\"lazy\" decoding=\"async\" width=\"602\" height=\"91\" src=\"https:\/\/kelih.si\/wp-content\/uploads\/2023\/04\/projekt2.jpg\" alt=\"\" class=\"wp-image-181\" srcset=\"https:\/\/kelih.si\/wp-content\/uploads\/2023\/04\/projekt2.jpg 602w, https:\/\/kelih.si\/wp-content\/uploads\/2023\/04\/projekt2-300x45.jpg 300w\" sizes=\"auto, (max-width: 602px) 100vw, 602px\" \/><\/figure>\n\n\n\n<p><a href=\"https:\/\/www.eu-skladi.si\/\" target=\"_blank\" rel=\"noreferrer noopener\"><\/a><a href=\"https:\/\/www.gov.si\/drzavni-organi\/ministrstva\/ministrstvo-za-gospodarski-razvoj-in-tehnologijo\/\" target=\"_blank\" rel=\"noreferrer noopener\"><\/a><a href=\"http:\/\/www.las-prlekija.com\/\" target=\"_blank\" rel=\"noreferrer noopener\"><\/a><\/p>\n\n\n\n<p><strong>Naziv operacije:&nbsp;Vinsko-kulinari\u010dni potep po Prlekiji (Podukrep 19.2)<\/strong><\/p>\n\n\n\n<p><strong>Akronim operacije:&nbsp;\u00bbVIN-KUL potep\u00ab<\/strong><\/p>\n\n\n\n<p><strong><u>TEMATSKO PODRO\u010cJE UKREPANJA<\/u><\/strong><\/p>\n\n\n\n<p>Ustvarjanje novih delovnih mest<\/p>\n\n\n\n<p><strong><u>UKREP PO SLR<\/u><\/strong><\/p>\n\n\n\n<p>Bogatitev lokalne turisti\u010dne ponudbe<\/p>\n\n\n\n<p><strong><u>SPECIFI\u010cNI CILJ<\/u><\/strong><\/p>\n\n\n\n<p>Spodbujanje in povezovanje lokalne ekonomije s poudarkom na turizmu<\/p>\n\n\n\n<p><strong><u>OPIS OPERACIJE<\/u><\/strong><\/p>\n\n\n\n<p>LAS Prlekija je poznana po bogati kulinari\u010dni tradiciji doma\u010dih prle\u0161kih jedi in po vinorodnem okoli\u0161u, kar predstavlja eno od pomembnih turisti\u010dnih privla\u010dnosti pokrajine. Prav tako je ena izmed najpomembnej\u0161ih kmetijskih in gospodarskih panog v Prlekiji pridelava najkvalitetnej\u0161ih vin in umetnost kletarjenja. Pridelava vina pa ima poleg gospodarskega tudi kulturni pomen. Prle\u0161ka vina imajo namre\u010d ve\u010d stoletno tradicijo. V okviru operacije Vinsko-kulinari\u010dni potep po Prlekiji tako \u017eelimo ozavestiti kulturni pomen vina v povezavi z doma\u010dimi prle\u0161kimi jedmi iz lokalnih sestavin. V ospredju tako ne bo samo pove\u010danje turisti\u010dne privla\u010dnosti pokrajine skozi promocijo vinske in kulinari\u010dne ponudbe, temve\u010d tudi odkrivanje zanimivih etnolo\u0161ko-zgodovinskih sledi.<\/p>\n\n\n\n<p>S projektnimi aktivnostmi in kon\u010dnim produktom operacije \u2013 vodnik VIN-KUL potep, ki bo na inovativen na\u010din vklju\u010deval tradicionalne prle\u0161ke jedi v kombinaciji z vrhunskimi vini, bomo prispevali k pove\u010danju turisti\u010dne privla\u010dnosti pokrajine in odkrivanju zanimivih etnolo\u0161ko-zgodovinskih sledi, ki so naredile pokrajino tako bogato in zanimivo za obiskovalce. Slednjim s tem ne bomo ponudili samo dobrega kozarca vina in bogatih okusov prle\u0161kih dobrot in vin, ampak tudi njihovo zanimivo ozadje.<\/p>\n\n\n\n<p><strong><u>CILJI OPERACIJE<\/u><\/strong><\/p>\n\n\n\n<p>&#8211; Vzpostavitev novih partnerstev za izbolj\u0161anje kulinari\u010dne in lokalne turisti\u010dne ponudbe na obmo\u010dju LAS Prlekija.<\/p>\n\n\n\n<p>&#8211; Ve\u010dja vklju\u010denost ranljivih skupin prebivalstva v dru\u017ebeni, kulturni in gospodarski razvoj obmo\u010dja LAS Prlekija.<\/p>\n\n\n\n<p>&#8211; Pove\u010danje dogodkov na temo prle\u0161ke kulinarike in vrhunskih prle\u0161kih vin.<\/p>\n\n\n\n<p>&#8211; Pove\u010danje \u0161tevila inovativnih produktov s poudarkom na prle\u0161ki kulinariki in prle\u0161kih vinih.<\/p>\n\n\n\n<p>&#8211; Ohranjanje kulinari\u010dne dedi\u0161\u010dine obmo\u010dja LAS Prlekija s poudarkom na vrhunskih prle\u0161kih vinih in tipi\u010dnih prle\u0161kih jedeh iz lokalnih sestavin.<\/p>\n\n\n\n<p><strong><u>REZULTATI OPERACIJE<\/u><\/strong><\/p>\n\n\n\n<p>Nov inovativen produkt za izbolj\u0161anje in bogatitev lokalne turisti\u010dne ponudbe na obmo\u010dju LAS Prlekija &#8211; vodnik VIN-KUL potep.<\/p>\n\n\n\n<p>Izvedba prakti\u010dnih vinsko-kulinari\u010dnih delavnic.<\/p>\n\n\n\n<p>Izvedba dogodkov na temo prle\u0161ke kulinarike in vrhunskih prle\u0161kih vin.<\/p>\n\n\n\n<p>Usposabljanje lokalnih turisti\u010dnih vodnikov.<\/p>\n\n\n\n<p>Nova partnerstva za izbolj\u0161anje kulinari\u010dne in lokalne turisti\u010dne ponudbe na obmo\u010dju LAS Prlekija.<\/p>\n\n\n\n<p><strong><u>OBDOBJE IZVAJANJA OPERACIJE<\/u><\/strong><\/p>\n\n\n\n<p>&nbsp;Za\u010detek operacije: 1. april 2022<\/p>\n\n\n\n<p>Zaklju\u010dek operacije: 15.junij 2023<\/p>\n\n\n\n<p><strong><u>VODILNI PARTNER OPERACIJE<\/u><\/strong><\/p>\n\n\n\n<p>Kulturno, turisti\u010dno in izobra\u017eevalno dru\u0161tvo Kelih<\/p>\n\n\n\n<p><strong><u>PARTNERJI OPERACIJE<\/u><\/strong><\/p>\n\n\n\n<p>PE FLO cukeraj gostinstvo, Florjana Kastelic s.p.<\/p>\n\n\n\n<p>Raziskovalno izobra\u017eevalno sredi\u0161\u010de Dvorec Raki\u010dan<\/p>\n\n\n\n<p><strong><u>FINAN\u010cNI NA\u010cRT OPERACIJE<\/u><\/strong><\/p>\n\n\n\n<p>Skupna vrednost celotne operacije (z DDV, EUR): 64.082,09 \u20ac<\/p>\n\n\n\n<p>Znesek sofinanciranja (EUR) 80 %: 49.808,32 \u20ac&nbsp;<\/p>\n\n\n\n<p><strong>POVEZAVE<\/strong><\/p>\n\n\n\n<p><a href=\"https:\/\/www.eu-skladi.si\/\" target=\"_blank\" rel=\"noreferrer noopener\">Evropska kohezijska politika v Sloveniji<\/a><\/p>\n\n\n\n<p><a href=\"https:\/\/www.gov.si\/drzavni-organi\/ministrstva\/ministrstvo-za-gospodarski-razvoj-in-tehnologijo\/\" target=\"_blank\" rel=\"noreferrer noopener\">Ministrstvo za gospodarski razvoj in tehnologijo<\/a><\/p>\n\n\n\n<p><a href=\"http:\/\/www.las-prlekija.com\/\" target=\"_blank\" rel=\"noreferrer noopener\">LAS Prlekija<\/a><\/p>\n\n\n\n<p><em>Operacija je sofinancirana s strani Ministrstva za gospodarstvo razvoj in tehnologijo (MGRT) v okviru Evropskega sklada za regionalni razvoj (ESRR).<\/em><\/p>\n\n\n\n<p>Vabljeni k ogledu <a href=\"https:\/\/kelih.si\/wp-content\/uploads\/2023\/05\/VIN-KUL-VODNIK.pdf\">Vinsko &#8211; kulinari\u010dnega vodnika po Prlekiji<\/a>.<\/p>\n\n\n\n<p><\/p>\n","protected":false},"excerpt":{"rendered":"<p>Naziv operacije:&nbsp;Vinsko-kulinari\u010dni potep po Prlekiji (Podukrep 19.2) Akronim operacije:&nbsp;\u00bbVIN-KUL potep\u00ab TEMATSKO PODRO\u010cJE UKREPANJA Ustvarjanje novih delovnih mest UKREP PO SLR Bogatitev lokalne turisti\u010dne ponudbe SPECIFI\u010cNI CILJ Spodbujanje in povezovanje lokalne ekonomije s poudarkom na turizmu OPIS OPERACIJE LAS Prlekija je poznana po bogati kulinari\u010dni tradiciji doma\u010dih prle\u0161kih jedi in po vinorodnem okoli\u0161u, kar predstavlja eno [&hellip;]<\/p>\n","protected":false},"author":1,"featured_media":0,"parent":0,"menu_order":0,"comment_status":"closed","ping_status":"closed","template":"","meta":{"footnotes":""},"class_list":["post-180","page","type-page","status-publish","hentry"],"_links":{"self":[{"href":"https:\/\/kelih.si\/index.php\/wp-json\/wp\/v2\/pages\/180","targetHints":{"allow":["GET"]}}],"collection":[{"href":"https:\/\/kelih.si\/index.php\/wp-json\/wp\/v2\/pages"}],"about":[{"href":"https:\/\/kelih.si\/index.php\/wp-json\/wp\/v2\/types\/page"}],"author":[{"embeddable":true,"href":"https:\/\/kelih.si\/index.php\/wp-json\/wp\/v2\/users\/1"}],"replies":[{"embeddable":true,"href":"https:\/\/kelih.si\/index.php\/wp-json\/wp\/v2\/comments?post=180"}],"version-history":[{"count":3,"href":"https:\/\/kelih.si\/index.php\/wp-json\/wp\/v2\/pages\/180\/revisions"}],"predecessor-version":[{"id":217,"href":"https:\/\/kelih.si\/index.php\/wp-json\/wp\/v2\/pages\/180\/revisions\/217"}],"wp:attachment":[{"href":"https:\/\/kelih.si\/index.php\/wp-json\/wp\/v2\/media?parent=180"}],"curies":[{"name":"wp","href":"https:\/\/api.w.org\/{rel}","templated":true}]}}